{"id":340,"date":"2023-10-19T08:54:03","date_gmt":"2023-10-19T08:54:03","guid":{"rendered":"https:\/\/presencial3.forlopd.es\/?page_id=340"},"modified":"2023-10-19T10:00:48","modified_gmt":"2023-10-19T10:00:48","slug":"aviso-legal","status":"publish","type":"page","link":"https:\/\/presencial3.forlopd.es\/index.php\/aviso-legal\/","title":{"rendered":"Aviso Legal"},"content":{"rendered":"\t\t<div data-elementor-type=\"wp-post\" data-elementor-id=\"340\" class=\"elementor elementor-340\">\n\t\t\t\t\t\t\t<div class=\"elementor-element elementor-element-e3f1b05 e-flex e-con-boxed e-con e-parent\" data-id=\"e3f1b05\" data-element_type=\"container\" data-settings=\"{&quot;content_width&quot;:&quot;boxed&quot;}\" data-core-v316-plus=\"true\">\n\t\t\t\t\t<div class=\"e-con-inner\">\n\t\t\t\t<div class=\"elementor-element elementor-element-5bd7f2f elementor-widget elementor-widget-heading\" data-id=\"5bd7f2f\" data-element_type=\"widget\" data-widget_type=\"heading.default\">\n\t\t\t\t<div class=\"elementor-widget-container\">\n\t\t\t<style>\/*! elementor - v3.16.0 - 17-10-2023 *\/\n.elementor-heading-title{padding:0;margin:0;line-height:1}.elementor-widget-heading .elementor-heading-title[class*=elementor-size-]>a{color:inherit;font-size:inherit;line-height:inherit}.elementor-widget-heading .elementor-heading-title.elementor-size-small{font-size:15px}.elementor-widget-heading .elementor-heading-title.elementor-size-medium{font-size:19px}.elementor-widget-heading .elementor-heading-title.elementor-size-large{font-size:29px}.elementor-widget-heading .elementor-heading-title.elementor-size-xl{font-size:39px}.elementor-widget-heading .elementor-heading-title.elementor-size-xxl{font-size:59px}<\/style><h1 class=\"elementor-heading-title elementor-size-default\">AVISO LEGAL<\/h1>\t\t<\/div>\n\t\t\t\t<\/div>\n\t\t\t\t\t<\/div>\n\t\t\t\t<\/div>\n\t\t<div class=\"elementor-element elementor-element-29f1fe8 e-flex e-con-boxed e-con e-parent\" data-id=\"29f1fe8\" data-element_type=\"container\" data-settings=\"{&quot;content_width&quot;:&quot;boxed&quot;}\" data-core-v316-plus=\"true\">\n\t\t\t\t\t<div class=\"e-con-inner\">\n\t\t\t\t<div class=\"elementor-element elementor-element-576fc7b elementor-widget elementor-widget-text-editor\" data-id=\"576fc7b\" data-element_type=\"widget\" data-widget_type=\"text-editor.default\">\n\t\t\t\t<div class=\"elementor-widget-container\">\n\t\t\t<style>\/*! elementor - v3.16.0 - 17-10-2023 *\/\n.elementor-widget-text-editor.elementor-drop-cap-view-stacked .elementor-drop-cap{background-color:#69727d;color:#fff}.elementor-widget-text-editor.elementor-drop-cap-view-framed .elementor-drop-cap{color:#69727d;border:3px solid;background-color:transparent}.elementor-widget-text-editor:not(.elementor-drop-cap-view-default) .elementor-drop-cap{margin-top:8px}.elementor-widget-text-editor:not(.elementor-drop-cap-view-default) .elementor-drop-cap-letter{width:1em;height:1em}.elementor-widget-text-editor .elementor-drop-cap{float:left;text-align:center;line-height:1;font-size:50px}.elementor-widget-text-editor .elementor-drop-cap-letter{display:inline-block}<\/style>\t\t\t\t<ol><li><span style=\"color: #d3a50e;\"><b><strong>DATOS IDENTIFICATIVOS<\/strong><\/b><\/span>.\u00a0En cumplimiento con el deber de informaci\u00f3n recogido en art\u00edculo 10 de la Ley 34\/2002, de 11 de julio, de Servicios de la Sociedad de la Informaci\u00f3n y del Comercio Electr\u00f3nico, a continuaci\u00f3n se reflejan los siguientes datos SEGURIDAD Y PRIVACIDAD DE DATOS, S.L. (FORLOPD) registrada en el Registro Mercantil de Valencia, Tomo 9882, Folio 200, hoja V-162543 con CIF B98689920 domiciliada en C\/ MENORCA 19, PLANTA 17 (46023) VALENCIA (En adelante LA SOCIEDAD)<\/li><li><span style=\"color: #d3a50e;\"><b><strong>USUARIOS:<\/strong><\/b>\u00a0<\/span>El acceso y\/o uso de los Sites de LA SOCIEDAD atribuye la condici\u00f3n de USUARIO, que acepta, desde dicho acceso y\/o uso, las Condiciones Generales de Uso aqu\u00ed reflejadas. Las citadas condiciones ser\u00e1n de aplicaci\u00f3n independientemente de las Condiciones Generales de Contrataci\u00f3n que en su caso resulten de obligado cumplimiento.<\/li><li><span style=\"color: #d3a50e;\"><b><strong>USO DEL SITE:<\/strong><\/b><\/span>\u00a0el sitio Web de LA SOCIEDAD proporciona el acceso a multitud de informaciones, servicios, herramientas, programas o datos (en adelante, \u201clos contenidos\u201d) en Internet pertenecientes a LA SOCIEDAD, y a los que el USUARIO puede tener acceso. El USUARIO asume la responsabilidad del uso del Site. Dicha responsabilidad se extiende al registro que fuese necesario para acceder a determinados servicios o contenidos. En dicho registro el USUARIO ser\u00e1 responsable de aportar informaci\u00f3n veraz y l\u00edcita. Como consecuencia de este Registro, al USUARIO se le puede proporcionar una contrase\u00f1a de la que ser\u00e1 responsable, comprometi\u00e9ndose a hacer un uso diligente y confidencial de la misma.<\/li><li><span style=\"color: #d3a50e;\"><b><strong>El USUARIO:<\/strong><\/b><\/span>\u00a0se compromete a hacer un uso adecuado de los contenidos y servicios (como por ejemplo servicios de chat, foros de discusi\u00f3n o grupos de noticias) que LA SOCIEDAD ofrece a trav\u00e9s de su Site y con car\u00e1cter enunciativo pero no limitativo, a no emplearlos para (i) incurrir en actividades il\u00edcitas, ilegales o contrarias a la buena fe y al orden p\u00fablico; (ii) difundir contenidos o propaganda de car\u00e1cter racista, xen\u00f3fobo, pornogr\u00e1fico-ilegal, de apolog\u00eda del terrorismo o atentatorio contra los derechos humanos; (iii) provocar da\u00f1os en los sistemas f\u00edsicos y l\u00f3gicos de LA SOCIEDAD, de sus proveedores o de terceras personas, introducir o difundir en la red virus inform\u00e1ticos o cualesquiera otros sistemas f\u00edsicos o l\u00f3gicos que sean susceptibles de provocar los da\u00f1os anteriormente mencionados; (iv) intentar acceder y, en su caso, utilizar las cuentas de correo electr\u00f3nico de otros usuarios y modificar o manipular sus mensajes. LA SOCIEDAD se reserva el derecho de retirar todos aquellos comentarios y aportaciones que vulneren el respeto a la dignidad de la persona, que sean discriminatorios, xen\u00f3fobos, racistas, pornogr\u00e1ficos, que atenten contra la juventud o la infancia, el orden o la seguridad p\u00fablica o que, a su juicio, no resultaran adecuados para su publicaci\u00f3n. En cualquier caso, LA SOCIEDAD no ser\u00e1 responsable de las opiniones vertidas por los usuarios a trav\u00e9s de los foros, chats, u otras herramientas<\/li><li><span style=\"color: #d3a50e;\"><b><strong>PROTECCI\u00d3N DE DATOS:<\/strong><\/b><\/span>\u00a0LA SOCIEDAD cumple con las directrices de\u00a0la Ley Org\u00e1nica 3\/2018, de 5 de diciembre, de Protecci\u00f3n de Datos Personales y garant\u00eda de los derechos digitales y del Reglamento (UE) 2016\/679 del Parlamento Europeo y del Consejo de 27 de abril de 2016 y dem\u00e1s normativa vigente en cada momento, y vela por garantizar un correcto uso y tratamiento de los datos personales del usuario. Para ello, junto a cada formulario de recabo de datos de car\u00e1cter personal, en los servicios que el USUARIO pueda solicitar a LA SOCIEDAD, har\u00e1 saber al USUARIO de la existencia y aceptaci\u00f3n de las condiciones particulares del tratamiento de sus datos en cada caso, inform\u00e1ndole de la responsabilidad del fichero creado, la direcci\u00f3n del responsable, la posibilidad de ejercer sus derechos de acceso, rectificaci\u00f3n, cancelaci\u00f3n u oposici\u00f3n, la finalidad del tratamiento y las comunicaciones de datos a terceros en su caso. Asimismo, LA SOCIEDAD informa que da cumplimiento a la Ley 34\/2002 de 11 de julio, de Servicios de la Sociedad de la Informaci\u00f3n y el Comercio Electr\u00f3nico y le solicitar\u00e1 su consentimiento al tratamiento de su correo electr\u00f3nico con fines comerciales en cada momento.<\/li><li><span style=\"color: #d3a50e;\"><b><strong>EXCLUSI\u00d3N DE GARANT\u00cdAS Y RESPONSABILIDAD:<\/strong><\/b><\/span>\u00a0LA SOCIEDAD no se hace responsable, en ning\u00fan caso, de los da\u00f1os y perjuicios de cualquier naturaleza que pudieran ocasionar, a t\u00edtulo enunciativo: errores u omisiones en los contenidos, falta de disponibilidad del portal o la transmisi\u00f3n de virus o programas maliciosos o lesivos en los contenidos, a pesar de haber adoptado todas las medidas tecnol\u00f3gicas necesarias para evitarlo.<\/li><li><b><strong><span style=\"color: #d3a50e;\">MODIFICACIONES:<\/span>\u00a0<\/strong><\/b>LA SOCIEDAD se reserva el derecho de efectuar sin previo aviso las modificaciones que considere oportunas en su Site, pudiendo cambiar, suprimir o a\u00f1adir tanto los contenidos y servicios que se presten a trav\u00e9s de la misma como la forma en la que \u00e9stos aparezcan presentados o localizados en su Site.<\/li><li><span style=\"color: #d3a50e;\"><b><strong>EMPLEO DE COOKIES:<\/strong><\/b><\/span>\u00a0LA SOCIEDAD podr\u00e1 utilizar cookies para personalizar y facilitar al m\u00e1ximo la navegaci\u00f3n del USUARIO por su Site. Las cookies se asocian \u00fanicamente a un USUARIO an\u00f3nimo y su ordenador y no proporcionan referencias que permitan deducir datos personales del USUARIO. El USUARIO podr\u00e1 configurar su navegador para que notifique y rechace la instalaci\u00f3n de las cookies enviadas por LA SOCIEDAD, sin que ello perjudique la posibilidad del USUARIO de acceder a los Contenidos.<\/li><li><b><strong><span style=\"color: #d3a50e;\">ENLACES:<\/span>\u00a0<\/strong><\/b>En el caso de que en el Site se dispusiesen enlaces o hiperv\u00ednculos hac\u00eda otros sitios de Internet, LA SOCIEDAD no ejercer\u00e1 ning\u00fan tipo de control sobre dichos sitios y contenidos. En ning\u00fan caso asumir\u00e1 responsabilidad alguna por los contenidos de alg\u00fan enlace perteneciente a un sitio web ajeno, ni garantizar\u00e1 la disponibilidad t\u00e9cnica, calidad, fiabilidad, exactitud, amplitud, veracidad, validez y constitucionalidad de cualquier material o informaci\u00f3n contenida en ninguno de dichos hiperv\u00ednculos u otros sitios de Internet. Igualmente la inclusi\u00f3n de estas conexiones externas no implicar\u00e1 ning\u00fan tipo de asociaci\u00f3n, fusi\u00f3n o participaci\u00f3n con las entidades conectadas.<\/li><li><b><strong><span style=\"color: #d3a50e;\">DERECHO DE EXCLUSI\u00d3N:<\/span>\u00a0<\/strong><\/b>LA SOCIEDAD se reserva el derecho a denegar o retirar el acceso a su Site y\/o los servicios ofrecidos sin necesidad de preaviso, a instancia propia o de un tercero, a aquellos usuarios que incumplan las presentes Condiciones Generales de Uso.<\/li><li><b><strong><span style=\"color: #d3a50e;\">GENERALIDADES:<\/span>\u00a0<\/strong><\/b>LA SOCIEDAD perseguir\u00e1 el incumplimiento de las presentes condiciones as\u00ed como cualquier utilizaci\u00f3n indebida de su Site ejerciendo todas las acciones civiles y penales que le puedan corresponder en derecho.<\/li><li><span style=\"color: #d3a50e;\"><b><strong>MODIFICACI\u00d3N DE LAS PRESENTES CONDICIONES Y DURACI\u00d3N:<\/strong><\/b>\u00a0<\/span>LA SOCIEDAD podr\u00e1 modificar en cualquier momento las condiciones aqu\u00ed determinadas, siendo debidamente publicadas como aqu\u00ed aparecen. La vigencia de las citadas condiciones ir\u00e1 en funci\u00f3n de su exposici\u00f3n y estar\u00e1n vigentes hasta que sean modificadas por otras debidamente publicadas.<\/li><li><b><strong><span style=\"color: #d3a50e;\">LEGISLACI\u00d3N APLICABLE Y JURISDICCI\u00d3N<\/span>:\u00a0<\/strong><\/b>La relaci\u00f3n entre LA SOCIEDAD y el USUARIO se regir\u00e1 por la normativa espa\u00f1ola vigente y cualquier controversia se someter\u00e1 a los Juzgados y tribunales de la ciudad de VALENCIA<\/li><\/ol>\t\t\t\t\t\t<\/div>\n\t\t\t\t<\/div>\n\t\t\t\t\t<\/div>\n\t\t\t\t<\/div>\n\t\t\t\t\t\t\t<\/div>\n\t\t","protected":false},"excerpt":{"rendered":"<p>AVISO LEGAL DATOS IDENTIFICATIVOS.\u00a0En cumplimiento con el deber de informaci\u00f3n recogido en art\u00edculo 10 de la Ley 34\/2002, de 11 de julio, de Servicios de la Sociedad de la Informaci\u00f3n y del Comercio Electr\u00f3nico, a continuaci\u00f3n se reflejan los siguientes datos SEGURIDAD Y PRIVACIDAD DE DATOS, S.L. (FORLOPD) registrada en el Registro Mercantil de Valencia,&hellip;<\/p>\n","protected":false},"author":1,"featured_media":0,"parent":0,"menu_order":0,"comment_status":"closed","ping_status":"closed","template":"","meta":{"footnotes":""},"class_list":["post-340","page","type-page","status-publish","hentry"],"_links":{"self":[{"href":"https:\/\/presencial3.forlopd.es\/index.php\/wp-json\/wp\/v2\/pages\/340","targetHints":{"allow":["GET"]}}],"collection":[{"href":"https:\/\/presencial3.forlopd.es\/index.php\/wp-json\/wp\/v2\/pages"}],"about":[{"href":"https:\/\/presencial3.forlopd.es\/index.php\/wp-json\/wp\/v2\/types\/page"}],"author":[{"embeddable":true,"href":"https:\/\/presencial3.forlopd.es\/index.php\/wp-json\/wp\/v2\/users\/1"}],"replies":[{"embeddable":true,"href":"https:\/\/presencial3.forlopd.es\/index.php\/wp-json\/wp\/v2\/comments?post=340"}],"version-history":[{"count":12,"href":"https:\/\/presencial3.forlopd.es\/index.php\/wp-json\/wp\/v2\/pages\/340\/revisions"}],"predecessor-version":[{"id":377,"href":"https:\/\/presencial3.forlopd.es\/index.php\/wp-json\/wp\/v2\/pages\/340\/revisions\/377"}],"wp:attachment":[{"href":"https:\/\/presencial3.forlopd.es\/index.php\/wp-json\/wp\/v2\/media?parent=340"}],"curies":[{"name":"wp","href":"https:\/\/api.w.org\/{rel}","templated":true}]}}